{"id":8208,"date":"2026-01-07T18:12:38","date_gmt":"2026-01-07T18:12:38","guid":{"rendered":"https:\/\/vikingkubb.com\/hnefatafl-regeln-wie-spielt-man-wikingerschach\/"},"modified":"2026-01-09T17:49:58","modified_gmt":"2026-01-09T17:49:58","slug":"hnefatafl-regeln-wie-spielt-man-wikingerschach","status":"publish","type":"page","link":"https:\/\/vikingkubb.com\/de\/hnefatafl-regeln-wie-spielt-man-wikingerschach\/","title":{"rendered":"Hnefatafl Regeln: Wie spielt man Wikingerschach?"},"content":{"rendered":"\n<div class=\"wp-block-group has-global-padding is-layout-constrained wp-container-core-group-is-layout-bea02a06 wp-block-group-is-layout-constrained\">\n<h1 class=\"wp-block-heading has-text-align-center is-style-default has-accent-2-color has-text-color has-link-color has-x-large-font-size wp-elements-c0e02d9b7491413a63af09b4bd17ca31\">Hnefatafl-Regeln: <br\/>Wie spielt man Wikingerschach?<\/h1>\n\n\n\n<figure class=\"wp-block-image size-full\"><img loading=\"lazy\" decoding=\"async\" width=\"1925\" height=\"1078\" src=\"https:\/\/vikingkubb.com\/wp-content\/uploads\/2026\/01\/jeu-Hnefatafl-echecs-vikings-.webp\" alt=\"Die Regeln des Hnefatafl: &#10;Wie spielt man Wikingerschach?\" class=\"wp-image-8010\" srcset=\"https:\/\/vikingkubb.com\/wp-content\/uploads\/2026\/01\/jeu-Hnefatafl-echecs-vikings-.webp 1925w, https:\/\/vikingkubb.com\/wp-content\/uploads\/2026\/01\/jeu-Hnefatafl-echecs-vikings--768x430.webp 768w, https:\/\/vikingkubb.com\/wp-content\/uploads\/2026\/01\/jeu-Hnefatafl-echecs-vikings--1536x860.webp 1536w, https:\/\/vikingkubb.com\/wp-content\/uploads\/2026\/01\/jeu-Hnefatafl-echecs-vikings--700x392.webp 700w\" sizes=\"auto, (max-width: 1925px) 100vw, 1925px\" \/><\/figure>\n\n\n\n<p>Vergessen Sie die Gleichheit des klassischen Schachs. Es simuliert einen <strong>Hinterhalt der Wikinger<\/strong>, bei dem ein K\u00f6nig und seine Leibgarde gegen eine doppelt so gro\u00dfe Horde von Eindringlingen \u00fcberleben m\u00fcssen. <\/p>\n\n\n\n<p>Obwohl die Regeln in <strong>wenigen Minuten<\/strong> erlernt sind, ist die Strategie, die Sie ben\u00f6tigen, um zu gewinnen, enorm. Wenn Sie noch nicht f\u00fcr den Kampf ger\u00fcstet sind, finden Sie hier unser Wikingerschach. <strong><a href=\"https:\/\/vikingkubb.com\/de\/produkt\/hnefatafl-jeu-echec-viking\/\" target=\"_blank\" rel=\"noreferrer noopener\">Wikingerschachspiel Hnefatafl.<\/a><\/strong>. <\/p>\n\n\n\n<h2 class=\"wp-block-heading\" style=\"margin-top:var(--wp--preset--spacing--30);margin-bottom:var(--wp--preset--spacing--30)\">Kurz gesagt: Der Zweck des Spiels<\/h2>\n\n\n\n<p class=\"has-medium-font-size\"><strong>Hnefatafl<\/strong> ist ein einzigartiges <strong>asymmetrisches Strategiespiel<\/strong>, bei dem die beiden Seiten nicht das gleiche Ziel haben:<\/p>\n\n\n\n<ul class=\"wp-block-list has-medium-font-size\">\n<li><strong>Die Verteidiger (Mitte):<\/strong> Sie sind weniger zahlreich. Ihr einziges Ziel ist es, <strong>den K\u00f6nig<\/strong> auf eines der vier Felder in den <strong>Ecken<\/strong> des Spielfeldes zu bringen. <\/li>\n\n\n\n<li><strong>Die Angreifer (an den R\u00e4ndern):<\/strong> Sie sind doppelt so zahlreich. Ihre Aufgabe ist es, <strong>den K\u00f6nig zu fangen<\/strong>, indem sie ihn umzingeln, bevor er fliehen kann. <\/li>\n\n\n\n<li><strong>Mechanik:<\/strong> Anders als bei Dame springt man nicht \u00fcber die Figuren hinweg. Man eliminiert einen Gegner, indem man ihn zwischen zwei eigenen Figuren <strong>einklemmt<\/strong>. <\/li>\n<\/ul>\n\n\n\n<h2 class=\"wp-block-heading\" style=\"margin-top:var(--wp--preset--spacing--30);margin-bottom:var(--wp--preset--spacing--30)\">Wie spielt man Wikingerschach &#8211; Hnefatafl?<\/h2>\n\n\n\n<h3 class=\"wp-block-heading\" style=\"margin-top:var(--wp--preset--spacing--20);margin-bottom:var(--wp--preset--spacing--20)\">Einrichten<\/h3>\n\n\n\n<p>Im Gegensatz zum Schach, bei dem sich die Armeen gleichberechtigt gegen\u00fcberstehen, beginnt Hnefatafl mit einer Umzingelungssituation: das <strong>Zentrum gegen die Peripherie<\/strong>.<\/p>\n\n\n\n<ul start=\"1\" class=\"wp-block-list\">\n<li><strong>Der K\u00f6nig und seine Garde:<\/strong> Setzen Sie den K\u00f6nig auf den <strong>zentralen Thron<\/strong> (das genaue Feld in der Mitte). Stellen Sie seine 12 Verteidiger in Form eines Kreuzes um ihn herum auf. <\/li>\n\n\n\n<li><strong>Die Invasoren:<\/strong> Stellen Sie die 24 Angreifer an den Rand. Sie sind in Gruppen von 6 aufgeteilt, die oft ein &#8222;T&#8220; in der Mitte jeder Seite bilden. <\/li>\n<\/ul>\n\n\n\n<figure class=\"wp-block-image aligncenter size-large is-resized\"><img loading=\"lazy\" decoding=\"async\" width=\"700\" height=\"700\" src=\"https:\/\/vikingkubb.com\/wp-content\/uploads\/2026\/01\/Hnefatafl-jeu-dechec-viking-fond-blanc-700x700.webp\" alt=\"Einrichtung von Hnefatafl\" class=\"wp-image-8111\" style=\"width:360px\" srcset=\"https:\/\/vikingkubb.com\/wp-content\/uploads\/2026\/01\/Hnefatafl-jeu-dechec-viking-fond-blanc-700x700.webp 700w, https:\/\/vikingkubb.com\/wp-content\/uploads\/2026\/01\/Hnefatafl-jeu-dechec-viking-fond-blanc-400x400.webp 400w, https:\/\/vikingkubb.com\/wp-content\/uploads\/2026\/01\/Hnefatafl-jeu-dechec-viking-fond-blanc-150x150.webp 150w, https:\/\/vikingkubb.com\/wp-content\/uploads\/2026\/01\/Hnefatafl-jeu-dechec-viking-fond-blanc-768x768.webp 768w, https:\/\/vikingkubb.com\/wp-content\/uploads\/2026\/01\/Hnefatafl-jeu-dechec-viking-fond-blanc-1536x1536.webp 1536w, https:\/\/vikingkubb.com\/wp-content\/uploads\/2026\/01\/Hnefatafl-jeu-dechec-viking-fond-blanc-100x100.webp 100w, https:\/\/vikingkubb.com\/wp-content\/uploads\/2026\/01\/Hnefatafl-jeu-dechec-viking-fond-blanc.webp 2048w\" sizes=\"auto, (max-width: 700px) 100vw, 700px\" \/><\/figure>\n\n\n\n<p><strong>Der erste Zug:<\/strong> Traditionell sind es immer die <strong>Angreifer (die dunklen Figuren), die<\/strong> das Spiel <strong>beginnen<\/strong>. Sie haben die Initiative f\u00fcr den Angriff. <\/p>\n\n\n\n<h3 class=\"wp-block-heading\" style=\"margin-top:var(--wp--preset--spacing--30);margin-bottom:var(--wp--preset--spacing--30)\">Wie werden die M\u00fcnzen im Hnefatafl bewegt?<\/h3>\n\n\n\n<p>Alle Figuren (K\u00f6nig und Soldaten) bewegen sich wie der <strong>Turm<\/strong> im Schachspiel:<\/p>\n\n\n\n<ul class=\"wp-block-list\">\n<li>Horizontal oder vertikal.<\/li>\n\n\n\n<li>Die Anzahl der Felder ist beliebig, solange der Weg frei ist.<\/li>\n\n\n\n<li>Es ist strengstens verboten, \u00fcber einen anderen Raum zu springen.<\/li>\n<\/ul>\n\n\n\n<h3 class=\"wp-block-heading\" style=\"margin-top:var(--wp--preset--spacing--30);margin-bottom:var(--wp--preset--spacing--30)\">Was sind verbotene und besondere Felder?<\/h3>\n\n\n\n<p>Das Spielfeld ist nicht einheitlich, sondern besteht aus f\u00fcnf strategischen Feldern, die strengen Beschr\u00e4nkungen unterliegen. Das erste ist der <strong>zentrale Thron<\/strong>, von dem aus das Spiel beginnt. Nur der <strong>K\u00f6nig<\/strong> hat das Recht, hier zu verweilen oder sich hinzusetzen. Soldaten k\u00f6nnen den Thron nur durchqueren, wenn er leer ist (in einigen Varianten), aber niemals dort stehen bleiben.   <\/p>\n\n\n\n<p>Die anderen vier Sonderbereiche sind die <strong>Festungen in den<\/strong> \u00e4u\u00dfersten <strong>Ecken<\/strong> des Spielbretts. Dies sind die Felder f\u00fcr den Endsieg. Sie sind <strong>ausschlie\u00dflich dem K\u00f6nig vorbehalten<\/strong>.  <\/p>\n\n\n\n<h3 class=\"wp-block-heading\" style=\"margin-top:var(--wp--preset--spacing--30);margin-bottom:var(--wp--preset--spacing--30)\"><strong>Wie kann man eine gegnerische Figur schlagen?<\/strong><\/h3>\n\n\n\n<p>Hier unterscheidet sich Hnefatafl grundlegend vom klassischen Schach. Man schl\u00e4gt nicht, indem man den Platz des Gegners einnimmt, sondern indem man die <strong>Zangentechnik<\/strong> (oder &#8222;Sandwich&#8220;-Technik) anwendet. Um einen gegnerischen Soldaten zu eliminieren, m\u00fcssen Sie ihn gefangen nehmen, indem Sie <strong>zwei Ihrer Figuren<\/strong> auf beiden Seiten seiner Figur platzieren, entweder <strong>horizontal oder vertikal<\/strong>. Wenn die gegnerische Figur in der Falle sitzt, wird sie <strong>sofort<\/strong> vom Spielfeld <strong>entfernt<\/strong>.   <\/p>\n\n\n\n<figure class=\"wp-block-image aligncenter size-large is-resized\"><img loading=\"lazy\" decoding=\"async\" width=\"700\" height=\"700\" src=\"https:\/\/vikingkubb.com\/wp-content\/uploads\/2026\/01\/Comment-prendre-une-piece-au-Hnefatafl--700x700.webp\" alt=\"Wie man eine M&#xFC;nze in Hnefatafl nimmt\" class=\"wp-image-8143\" style=\"width:360px\" srcset=\"https:\/\/vikingkubb.com\/wp-content\/uploads\/2026\/01\/Comment-prendre-une-piece-au-Hnefatafl--700x700.webp 700w, https:\/\/vikingkubb.com\/wp-content\/uploads\/2026\/01\/Comment-prendre-une-piece-au-Hnefatafl--400x400.webp 400w, https:\/\/vikingkubb.com\/wp-content\/uploads\/2026\/01\/Comment-prendre-une-piece-au-Hnefatafl--150x150.webp 150w, https:\/\/vikingkubb.com\/wp-content\/uploads\/2026\/01\/Comment-prendre-une-piece-au-Hnefatafl--768x768.webp 768w, https:\/\/vikingkubb.com\/wp-content\/uploads\/2026\/01\/Comment-prendre-une-piece-au-Hnefatafl--100x100.webp 100w, https:\/\/vikingkubb.com\/wp-content\/uploads\/2026\/01\/Comment-prendre-une-piece-au-Hnefatafl-.webp 1024w\" sizes=\"auto, (max-width: 700px) 100vw, 700px\" \/><\/figure>\n\n\n\n<p>Es gibt eine Regel, die &#8222;Bewegungsimmunit\u00e4t&#8220; genannt wird. Wenn Sie Ihre Figur <strong>absichtlich<\/strong> zwischen zwei Gegner schieben, wird sie nicht geschlagen! Die Aktion des Schlagens muss <em>aktiv<\/em> sein (der Gegner muss die Falle schlie\u00dfen). Beachten Sie auch, dass der K\u00f6nig ein aktiver Krieger ist: Er kann als <strong>zweite Figur<\/strong> eingesetzt werden, um einem seiner Soldaten zu helfen, einen Angreifer zu fangen.   <\/p>\n\n\n\n<h3 class=\"wp-block-heading\" style=\"margin-top:var(--wp--preset--spacing--30);margin-bottom:var(--wp--preset--spacing--30)\"><strong>Wer gewinnt das Spiel?<\/strong><\/h3>\n\n\n\n<p>Die Siegbedingungen sind asymmetrisch, genau wie der Rest des Spiels. Die <strong>Verteidiger (die hellen Figuren)<\/strong> gewinnen sofort, wenn der <strong>K\u00f6nig<\/strong> eine der vier <strong>Festungen in den Ecken<\/strong> des Spielfelds erreicht. Wenn er auch nur einen Fu\u00df auf eines dieser sicheren Felder setzt, gewinnt sein Klan das Spiel und die Geschichte ist zu Ende.  <\/p>\n\n\n\n<p>F\u00fcr die <strong>Angreifer (die dunklen Figuren)<\/strong> besteht die Aufgabe darin, diese Flucht um jeden Preis zu verhindern. Sie gewinnen das Spiel, wenn es ihnen gelingt, <strong>den K\u00f6nig gefangen zu nehmen<\/strong>. Aber Vorsicht, der Wikingerh\u00e4uptling ist z\u00e4h: Im Gegensatz zu einfachen Soldaten reicht es nicht aus, ihn von zwei Seiten in die Zange zu nehmen. Um den K\u00f6nig auszuschalten, m\u00fcssen die Angreifer ihn<strong>von allen vier Seiten<\/strong> gleichzeitig<strong>umzingeln<\/strong>, so dass er keine Fluchtm\u00f6glichkeit mehr hat. Wenn der K\u00f6nig gegen den zentralen Thron gedr\u00fcckt wird, gen\u00fcgt es, ihn von drei Seiten zu umzingeln (der Thron fungiert als vierter Blockierer).    <\/p>\n\n\n\n<h2 class=\"wp-block-heading\" style=\"margin-top:var(--wp--preset--spacing--30);margin-bottom:var(--wp--preset--spacing--30)\"><strong>Was sind die besten Strategien f\u00fcr den Anfang?<\/strong><\/h2>\n\n\n\n<p>F\u00fcr die <strong>Angreifer<\/strong> ist Geduld die Mutter der Tugenden. St\u00fcrzen Sie sich nicht nacheinander auf die Verteidiger, denn dann werden Sie schnell von der k\u00f6niglichen Garde eliminiert. Ihre St\u00e4rke liegt in der Anzahl. Gehen Sie in einer Reihe vor, um eine <strong>un\u00fcberwindbare Mauer<\/strong> zu bilden und den Lebensraum des K\u00f6nigs nach und nach einzuschr\u00e4nken. Ihre oberste Priorit\u00e4t ist es, <strong>die Ausg\u00e4nge<\/strong> zu den Ecken zu <strong>blockieren<\/strong>, bevor Sie \u00fcberhaupt versuchen, die gegnerischen Figuren zu erobern.    <\/p>\n\n\n\n<p>F\u00fcr die <strong>Verteidiger<\/strong> muss die Denkweise aufopferungsvoll sein. Ihr Ziel ist es nicht, die gesamte feindliche Armee auszul\u00f6schen, sondern lediglich eine Bresche zu schlagen. Z\u00f6gern Sie nicht, <strong>Ihre Soldaten zu opfern<\/strong>, um die Blockade des Gegners zu durchbrechen und einen <strong>Fluchtkorridor<\/strong> f\u00fcr Ihren K\u00f6nig zu schaffen. Denken Sie daran, dass der K\u00f6nig, sobald er die zentrale Umzingelung verlassen hat, aufgrund seiner gro\u00dfen Mobilit\u00e4t sehr schwer einzuholen ist.   <\/p>\n\n\n\n<h2 class=\"wp-block-heading\" style=\"margin-top:var(--wp--preset--spacing--30);margin-bottom:var(--wp--preset--spacing--30)\"><strong>Was ist Hnefatafl? Ursprung und Geschichte <\/strong><\/h2>\n\n\n\n<p>Lange bevor Springer und L\u00e4ufer Europa eroberten, spielten die V\u00f6lker des Nordens eine ganz andere Art von Strategiespiel. <strong>Hnefatafl<\/strong> (ausgesprochen &#8222;N\u00e9-fa-tafel&#8220;), oft \u00fcbersetzt als &#8222;Der Tisch des K\u00f6nigs&#8220; oder &#8222;Tafl-Spiel&#8220;, ist nicht einfach eine Variante des Schachs, sondern dessen geistiger Vorfahre in der skandinavischen Welt. <\/p>\n\n\n\n<h3 class=\"wp-block-heading\" style=\"margin-top:var(--wp--preset--spacing--30);margin-bottom:var(--wp--preset--spacing--30)\"><strong>Weit zur\u00fcckliegende Urspr\u00fcnge (4. Jahrhundert n. Chr.)<\/strong><\/h3>\n\n\n\n<p>Hnefatafl ist eines der \u00e4ltesten bekannten Brettspiele in Europa. Arch\u00e4ologische Beweise, darunter Brettfragmente und Figuren aus Gr\u00e4bern der germanischen Eisenzeit, zeigen, dass Varianten dieses Spiels bereits im <strong>vierten Jahrhundert n. Chr.<\/strong> in Skandinavien gespielt wurden. Jahrhundert in Skandinavien gespielt wurden. Das Schachspiel wurde also mehrere Jahrhunderte vor der Einf\u00fchrung des Schachspiels in Europa entwickelt.  <\/p>\n\n\n\n<p>Es war in der Wikingerzeit \u00e4u\u00dferst beliebt und wurde sowohl auf den Bauernh\u00f6fen als auch auf den Schiffen (Drakkars) bei langen Expeditionen gespielt. Es diente dazu, den taktischen Verstand zu sch\u00e4rfen und symbolisierte oft einen <strong>Raubzug oder einen Hinterhalt<\/strong>, milit\u00e4rische Situationen, die den nordischen Kriegern vertraut waren. <\/p>\n\n\n\n<h3 class=\"wp-block-heading\" style=\"margin-top:var(--wp--preset--spacing--30);margin-bottom:var(--wp--preset--spacing--30)\"><strong>Der Niedergang im Angesicht des Schachs (8. &#8211; 12. Jahrhundert)<\/strong><\/h3>\n\n\n\n<p>Das Hnefatafl erlebte sein goldenes Zeitalter w\u00e4hrend der Expansion der Wikinger. Mit der Zunahme der Handels- und Kulturkontakte nach Osten und S\u00fcden begann das Schachspiel (Chaturanga und sp\u00e4ter Shatranj) jedoch nach Europa zur\u00fcckzukehren. <\/p>\n\n\n\n<p>Zwischen dem <strong>8. und 12. Jahrhundert<\/strong> verdr\u00e4ngte das Schachspiel allm\u00e4hlich die Spiele der &#8222;Tafl&#8220;-Familie an den europ\u00e4ischen und skandinavischen H\u00f6fen. Das Hnefatafl verschwand schlie\u00dflich aus den zentralen Regionen und \u00fcberlebte nur in abgelegenen Gebieten wie Island, Irland oder Lappland (wo der Botaniker Carl von Linn\u00e9 eine Variante des Hnefatafl, das <em>Tablut<\/em>, im 18.) <\/p>\n\n\n\n<h3 class=\"wp-block-heading\" style=\"margin-top:var(--wp--preset--spacing--30);margin-bottom:var(--wp--preset--spacing--30)\"><strong>Ein Spiel mit 200.000 Gesichtern<\/strong><\/h3>\n\n\n\n<p>Im Gegensatz zum modernen Schach, dessen Regeln weltweit standardisiert sind, gab es f\u00fcr Hnefatafl nie ein einheitliches Regelbuch. Es gab viele regionale Varianten (Tablut, Tawlbwrdd, Brandubh&#8230;), die auf Brettern unterschiedlicher Gr\u00f6\u00dfe (7&#215;7, 9&#215;9, 11&#215;11 oder mehr) gespielt wurden. <\/p>\n\n\n\n<p>Heute sind die Regeln Rekonstruktionen, die auf fragmentarischen Texten (wie die isl\u00e4ndischen Sagas) und logischen Schlussfolgerungen beruhen. Durch die Kombination der verschiedenen Brettgr\u00f6\u00dfen, Startpositionen und Varianten des K\u00f6nigsfangs sch\u00e4tzen die Forscher, dass es mehr als <strong>200.000 m\u00f6gliche Regelkombinationen<\/strong> f\u00fcr die Tafl-Spielfamilie gibt. Es ist dieser Reichtum, der seine Wiederentdeckung heute so spannend macht.  <\/p>\n\n\n\n<h2 class=\"wp-block-heading\" style=\"margin-top:var(--wp--preset--spacing--30);margin-bottom:var(--wp--preset--spacing--30)\"><strong>Klassisches Schach vs. Hnefatafl<\/strong><\/h2>\n\n\n\n<p>Hnefatafl wird oft als &#8222;Wikingerschach&#8220; bezeichnet, aber der Vergleich beschr\u00e4nkt sich auf die Anwesenheit eines K\u00f6nigs und das strategische Denken. Die Philosophie der beiden Spiele unterscheidet sich grundlegend. <\/p>\n\n\n\n<p>Der grundlegende Unterschied liegt in der <strong>Symmetrie<\/strong>. Das klassische Schach simuliert eine Schlacht zwischen zwei gleich gro\u00dfen Armeen, die sich gegen\u00fcberstehen. Hnefatafl simuliert eine asymmetrische Krisensituation: eine kleine, umzingelte Truppe, die einen verzweifelten Fluchtversuch vor dem Angreifer unternimmt.  <\/p>\n\n\n\n<p>Hier ist eine Tabelle, die die Unterschiede zusammenfasst:<\/p>\n\n\n\n<figure class=\"wp-block-table\"><table class=\"has-fixed-layout\"><thead><tr><th><strong>Kriterium<\/strong><\/th><th><strong>Klassisches Schach<\/strong><\/th><th><strong>Hnefatafl<\/strong><\/th><\/tr><\/thead><tbody><tr><td><strong>Gleichgewicht der Kr\u00e4fte<\/strong><\/td><td>Symmetrisch (16 vs. 16 M\u00fcnzen)<\/td><td>Asymmetrisch (13 vs. 24 M\u00fcnzen)<\/td><\/tr><tr><td><strong>Ziel<\/strong><\/td><td>Erobern des gegnerischen K\u00f6nigs (Matt)<\/td><td><strong>Angreifer :<\/strong> Gefangennahme des K\u00f6nigs<br\/><strong>Verteidiger:<\/strong> Flucht des K\u00f6nigs<\/td><\/tr><tr><td><strong>Beginn der Partie<\/strong><\/td><td>Spiegelstellung von Angesicht zu Angesicht<\/td><td>Zentrale Umrahmung<\/td><\/tr><tr><td><strong>Art der M\u00fcnzen<\/strong><\/td><td>6 verschiedene Typen (Bauer, Turm, Springer&#8230;)<\/td><td>Alle identisch (au\u00dfer dem K\u00f6nig)<\/td><\/tr><tr><td><strong>Fangmechanismus<\/strong><\/td><td>Direkte Aufnahme durch Ersetzen<\/td><td>Zangenf\u00f6rmige Umarmung (Sandwich)<\/td><\/tr><tr><td><strong>Besondere Gebiete<\/strong><\/td><td>Keine verbotenen Felder<\/td><td>Zentraler Thron + 4 gesch\u00fctzte Ecken<\/td><\/tr><tr><td><strong>Bewegung<\/strong><\/td><td>Jeder Raum hat seine eigenen Regeln<\/td><td>Alle bewegen sich wie der Turm<\/td><\/tr><tr><td><strong>Erster Spieler<\/strong><\/td><td>Wei\u00df  <\/td><td>Angreifer (dunkel)<\/td><\/tr><tr><td><strong>Philosophie<\/strong><\/td><td>Fairer Kampf, von Angesicht zu Angesicht<\/td><td>Hinterhalt, Flucht, \u00dcberleben<\/td><\/tr><tr><td><strong>Durchschnittliche Dauer<\/strong><\/td><td>30-60 Minuten<\/td><td>15-30 Minuten<\/td><\/tr><\/tbody><\/table><\/figure>\n\n\n\n<h2 class=\"wp-block-heading\" style=\"margin-top:var(--wp--preset--spacing--30);margin-bottom:var(--wp--preset--spacing--30)\"><strong>M\u00f6chten Sie von der Strategie zur Aktion \u00fcbergehen?<\/strong><\/h2>\n\n\n\n<p>Der Hnefatafl ist der ideale Begleiter f\u00fcr Winterabende oder ruhige Momente, in denen Konzentration und taktische Stille gefragt sind. Aber der Geist der Wikinger beschr\u00e4nkt sich nicht auf das Nachdenken im Wohnzimmer. Sobald die Sonne wieder scheint, fordern sich die Clans gerne im Freien heraus, um ihre Treffsicherheit zu testen.  <\/p>\n\n\n\n<p>Wenn Sie sich diese nordische Atmosph\u00e4re in Ihren Garten holen m\u00f6chten, aber das reine Denken durch Geschicklichkeit und Geselligkeit ersetzen wollen, sollten Sie das Spiel &#8222;Kubb&#8220; ausprobieren. <strong><a href=\"https:\/\/vikingkubb.com\/de\/produkt\/jeu-kubb-en-bois\/\" target=\"_blank\" rel=\"noreferrer noopener\">Kubb-Spiel<\/a><\/strong>. Es ist die perfekte Erg\u00e4nzung zu Ihrem Hnefatafl-Brett, um f\u00fcr Abwechslung zu sorgen und den Kampf fortzusetzen, sei es am Tisch oder im Gras. <\/p>\n\n\n\n<h2 class=\"wp-block-heading\" id=\"sources\" style=\"margin-top:var(--wp--preset--spacing--30);margin-bottom:var(--wp--preset--spacing--30)\">Quellen<\/h2>\n\n\n\n<p><strong><a href=\"https:\/\/fr.wikipedia.org\/wiki\/Jeux_de_tafl\" target=\"_blank\" rel=\"noreferrer noopener nofollow\">Wikipedia &#8211; Tafl-Spiele<\/a><\/strong><br\/>Enzyklop\u00e4discher Artikel \u00fcber die Geschichte und die Entwicklung des Hnefatafl vom 4. bis zum 12.<\/p>\n\n\n\n<p><strong><a href=\"http:\/\/gusandco.net\/2019\/10\/19\/hnefatafl-jeu-viking-archeologie\/\" target=\"_blank\" rel=\"noreferrer noopener nofollow\">Gus &amp; Co &#8211; Hnefatafl, das Brettspiel im Herzen der Wikingerkultur.<\/a><\/strong><br\/>Analyse basierend auf der Arbeit des Arch\u00e4ologen Mark Hall (European Journal of Archaeology, 2016) \u00fcber die Gr\u00e4ber der Wikinger.<\/p>\n\n\n\n<p><strong><a href=\"https:\/\/aagenielsen.dk\/fetlar_rules_french.php\" target=\"_blank\" rel=\"noreferrer noopener nofollow\">Aagenielsen.dk &#8211; Hnefatafl Fetlar-Regeln<\/a><\/strong><br\/>Offizielle standardisierte Regeln, die bei internationalen Turnieren verwendet werden, die weltweite Referenzseite des Hnefatafl.<\/p>\n\n\n\n<p><strong><a href=\"https:\/\/www.scribd.com\/document\/468795228\/Linnaeus-Game-of-Tablut-and-its-Relationship-to-the-Ancient-Viking-Game-Hnefatafl-full\" target=\"_blank\" rel=\"noreferrer noopener nofollow\">Scribd<\/a><\/strong><br\/>Akademische Studie \u00fcber die Entdeckung des Tabluts durch Carl von Linn\u00e9 im Jahr 1732 (Iter Lapponicum).<\/p>\n<\/div>\n","protected":false},"excerpt":{"rendered":"<p>Hnefatafl-Regeln: Wie spielt man Wikingerschach? Vergessen Sie die Gleichheit des klassischen Schachs. Es simuliert einen Hinterhalt der Wikinger, bei dem ein K\u00f6nig und seine Leibgarde gegen eine doppelt so gro\u00dfe Horde von Eindringlingen \u00fcberleben m\u00fcssen. Obwohl die Regeln in wenigen Minuten erlernt sind, ist die Strategie, die Sie ben\u00f6tigen, um zu gewinnen, enorm. Wenn Sie [&hellip;]<\/p>\n","protected":false},"author":1,"featured_media":0,"parent":0,"menu_order":0,"comment_status":"closed","ping_status":"closed","template":"","meta":{"_acf_changed":false,"inline_featured_image":false,"_uag_custom_page_level_css":"","footnotes":""},"class_list":["post-8208","page","type-page","status-publish","hentry"],"acf":[],"uagb_featured_image_src":{"full":false,"thumbnail":false,"medium":false,"medium_large":false,"large":false,"1536x1536":false,"2048x2048":false,"woocommerce_thumbnail":false,"woocommerce_single":false,"woocommerce_gallery_thumbnail":false},"uagb_author_info":{"display_name":"Adoptez une ordure","author_link":"https:\/\/vikingkubb.com\/de\/author\/ghanemi-enzohotmail-com\/"},"uagb_comment_info":0,"uagb_excerpt":"Hnefatafl-Regeln: Wie spielt man Wikingerschach? Vergessen Sie die Gleichheit des klassischen Schachs. Es simuliert einen Hinterhalt der Wikinger, bei dem ein K\u00f6nig und seine Leibgarde gegen eine doppelt so gro\u00dfe Horde von Eindringlingen \u00fcberleben m\u00fcssen. Obwohl die Regeln in wenigen Minuten erlernt sind, ist die Strategie, die Sie ben\u00f6tigen, um zu gewinnen, enorm. Wenn Sie...","_links":{"self":[{"href":"https:\/\/vikingkubb.com\/de\/wp-json\/wp\/v2\/pages\/8208","targetHints":{"allow":["GET"]}}],"collection":[{"href":"https:\/\/vikingkubb.com\/de\/wp-json\/wp\/v2\/pages"}],"about":[{"href":"https:\/\/vikingkubb.com\/de\/wp-json\/wp\/v2\/types\/page"}],"author":[{"embeddable":true,"href":"https:\/\/vikingkubb.com\/de\/wp-json\/wp\/v2\/users\/1"}],"replies":[{"embeddable":true,"href":"https:\/\/vikingkubb.com\/de\/wp-json\/wp\/v2\/comments?post=8208"}],"version-history":[{"count":4,"href":"https:\/\/vikingkubb.com\/de\/wp-json\/wp\/v2\/pages\/8208\/revisions"}],"predecessor-version":[{"id":8257,"href":"https:\/\/vikingkubb.com\/de\/wp-json\/wp\/v2\/pages\/8208\/revisions\/8257"}],"wp:attachment":[{"href":"https:\/\/vikingkubb.com\/de\/wp-json\/wp\/v2\/media?parent=8208"}],"curies":[{"name":"wp","href":"https:\/\/api.w.org\/{rel}","templated":true}]}}