{"id":8197,"date":"2025-06-04T19:15:05","date_gmt":"2025-06-04T19:15:05","guid":{"rendered":"https:\/\/vikingkubb.com\/rechtliche-hinweise\/"},"modified":"2026-01-09T12:06:37","modified_gmt":"2026-01-09T12:06:37","slug":"rechtliche-hinweise","status":"publish","type":"page","link":"https:\/\/vikingkubb.com\/de\/rechtliche-hinweise\/","title":{"rendered":"Rechtliche Hinweise"},"content":{"rendered":"\n<div class=\"wp-block-group has-global-padding is-layout-constrained wp-container-core-group-is-layout-5fb0786f wp-block-group-is-layout-constrained\">\n<h2 class=\"wp-block-heading has-text-align-center has-accent-1-color has-text-color has-link-color wp-elements-070592578460b7dd2e7bc2267366e077\">Rechtliche Hinweise<\/h2>\n\n\n\n<p>Gem\u00e4\u00df den Bestimmungen des Gesetzes Nr. 2004-575 vom 21. Juni 2004 \u00fcber das Vertrauen in die digitale Wirtschaft wird den Nutzern der Website <strong>Viking kubb<\/strong> die Identit\u00e4t der verschiedenen Akteure im Rahmen der Erstellung und Betreuung der Website mitgeteilt.<\/p>\n\n\n\n<h3 class=\"wp-block-heading\">Artikel 1 &#8211; Herausgabe der Website<\/h3>\n\n\n\n<p>Die vorliegende Website, die unter der URL <strong><a target=\"_blank\" rel=\"noreferrer noopener\" href=\"https:\/\/vikingkubb.com\">https:\/\/vikingkubb.com<\/a><\/strong> (die &#8222;Website&#8220;), wird herausgegeben von:<\/p>\n\n\n\n<p><strong>Herr Enzo Ghanemi<\/strong>, wohnhaft in 3 rue des 3 Dugois, 90000 Belfort, franz\u00f6sischer Staatsb\u00fcrger.<\/p>\n\n\n\n<h3 class=\"wp-block-heading\">Artikel 2 &#8211; Unterbringung<\/h3>\n\n\n\n<p>Die Website wird von <strong>Hostinger International LTD<\/strong> mit Sitz in 61 Lordou Vironos Street, 6023 Larnaca, Zypern, gehostet. Der Kontakt des Hostinganbieters ist unter der folgenden Adresse zu finden: https: <a target=\"_blank\" rel=\"noreferrer noopener\" href=\"https:\/\/www.hostinger.fr\/contact\">\/\/www.hostinger.fr\/contact<\/a> <\/p>\n\n\n\n<h3 class=\"wp-block-heading\">Artikel 3 &#8211; Leiter der Ver\u00f6ffentlichung<\/h3>\n\n\n\n<p>Der Herausgeber der Website ist <strong>Herr Enzo Ghanemi<\/strong>.<\/p>\n\n\n\n<h3 class=\"wp-block-heading\">Artikel 4 &#8211; Kontakt<\/h3>\n\n\n\n<p>Der Herausgeber kann jederzeit auf folgende Weise kontaktiert werden:<\/p>\n\n\n\n<ul class=\"wp-block-list\">\n<li><strong>Per E-Mail an :<\/strong> <a href=\"mailto:contact@vikingkubb.com\">contact@vikingkubb.com<\/a> <\/li>\n\n\n\n<li><strong>Per Post:<\/strong> 3 rue des 3 Dugois, 90000 Belfort<\/li>\n<\/ul>\n\n\n\n<h3 class=\"wp-block-heading\">Artikel 5 &#8211; Geistiges Eigentum und F\u00e4lschungen<\/h3>\n\n\n\n<p>Der Herausgeber ist Eigent\u00fcmer der Rechte am geistigen Eigentum und besitzt die Nutzungsrechte f\u00fcr alle auf der Website zug\u00e4nglichen Elemente, insbesondere Texte, Bilder, Grafiken, Logos, Videos, Architektur, Icons und Sounds.<\/p>\n\n\n\n<p>Die Vervielf\u00e4ltigung, Darstellung, \u00c4nderung, Ver\u00f6ffentlichung und Anpassung aller oder eines Teils der Elemente der Website, unabh\u00e4ngig von den verwendeten Mitteln oder Verfahren, ist ohne vorherige schriftliche Genehmigung des Herausgebers untersagt.<\/p>\n\n\n\n<p>Jede nicht genehmigte Nutzung der Website oder eines ihrer Elemente wird als F\u00e4lschung angesehen und gem\u00e4\u00df den Bestimmungen der Artikel L.335-2 ff. des Gesetzes \u00fcber geistiges Eigentum verfolgt.<\/p>\n\n\n\n<h3 class=\"wp-block-heading\">Artikel 6 &#8211; Haftungsbeschr\u00e4nkungen<\/h3>\n\n\n\n<p>Der Herausgeber haftet nicht f\u00fcr direkte und indirekte Sch\u00e4den an der Ausr\u00fcstung des Nutzers beim Zugriff auf die Website. <strong><a target=\"_blank\" rel=\"noreferrer noopener\" href=\"https:\/\/vikingkubb.com\">https:\/\/vikingkubb.com<\/a><\/strong>.<\/p>\n\n\n\n<p>Der Herausgeber \u00fcbernimmt keine Verantwortung f\u00fcr die Nutzung der Informationen und Inhalte auf der Website. Der Herausgeber verpflichtet sich, die Website so sicher wie m\u00f6glich zu gestalten, haftet jedoch nicht f\u00fcr unerw\u00fcnschte Daten, die ohne sein Wissen auf seine Website importiert und dort installiert werden. <\/p>\n\n\n\n<p>Interaktive Bereiche (Kontakt- oder Kommentarbereich) k\u00f6nnen den Nutzern zur Verf\u00fcgung gestellt werden. Der Herausgeber beh\u00e4lt sich das Recht vor, ohne vorherige Ank\u00fcndigung alle Inhalte in diesem Bereich zu entfernen, die gegen die in Frankreich geltenden Gesetze und insbesondere gegen die Datenschutzbestimmungen versto\u00dfen. <\/p>\n\n\n\n<h3 class=\"wp-block-heading\">Artikel 7 &#8211; Umgang mit pers\u00f6nlichen Daten<\/h3>\n\n\n\n<p>Gem\u00e4\u00df den Bestimmungen des Gesetzes 78-17 vom 6. Januar 1978 in der ge\u00e4nderten Fassung hat der Nutzer der Website ein Recht auf Zugang, \u00c4nderung und L\u00f6schung der gesammelten Informationen. Um von diesem Recht Gebrauch zu machen, senden Sie eine Nachricht an unseren Datenschutzbeauftragten: <a href=\"mailto:contact@vikingkubb.com\">contact@vikingkubb.com<\/a>  <\/p>\n\n\n\n<p>Die Verarbeitung Ihrer personenbezogenen Daten unterliegt unserer <strong>Datenschutzrichtlinie<\/strong>, die im Abschnitt &#8222;Datenschutzrichtlinie&#8220; auf der Website zu finden ist, in \u00dcbereinstimmung mit der Allgemeinen Datenschutzverordnung (DSGVO).<\/p>\n\n\n\n<h3 class=\"wp-block-heading\">Artikel 8 &#8211; Hyperlinks und Cookies<\/h3>\n\n\n\n<p>Die Website kann Hyperlinks zu anderen Websites enthalten und \u00fcbernimmt keine Verantwortung f\u00fcr diese externen Links oder f\u00fcr Links, die von anderen Websites zu dieser Website erstellt wurden. <strong><a target=\"_blank\" rel=\"noreferrer noopener\" href=\"https:\/\/vikingkubb.com\">https:\/\/vikingkubb.com<\/a><\/strong>.<\/p>\n\n\n\n<p>Das Surfen auf der Website kann dazu f\u00fchren, dass auf dem Computer des Nutzers ein Cookie(s) installiert wird. Ein &#8222;Cookie&#8220; ist eine kleine Datei, die Informationen \u00fcber die Navigation eines Nutzers auf einer Website speichert. Die so erhaltenen Daten k\u00f6nnen z.B. f\u00fcr die Messung der Besucherzahlen verwendet werden.  <sup><\/sup>  <\/p>\n\n\n\n<p>Sie haben die M\u00f6glichkeit <strong>, Cookies zu akzeptieren oder abzulehnen<\/strong>, indem Sie die Einstellungen Ihres Browsers \u00e4ndern. Ohne Ihre Zustimmung werden keine Cookies gesetzt.   <\/p>\n<\/div>\n","protected":false},"excerpt":{"rendered":"<p>Rechtliche Hinweise Gem\u00e4\u00df den Bestimmungen des Gesetzes Nr. 2004-575 vom 21. Juni 2004 \u00fcber das Vertrauen in die digitale Wirtschaft wird den Nutzern der Website Viking kubb die Identit\u00e4t der verschiedenen Akteure im Rahmen der Erstellung und Betreuung der Website mitgeteilt. Artikel 1 &#8211; Herausgabe der Website Die vorliegende Website, die unter der URL https:\/\/vikingkubb.com [&hellip;]<\/p>\n","protected":false},"author":1,"featured_media":0,"parent":0,"menu_order":0,"comment_status":"closed","ping_status":"closed","template":"","meta":{"_acf_changed":false,"inline_featured_image":false,"_uag_custom_page_level_css":"","footnotes":""},"class_list":["post-8197","page","type-page","status-publish","hentry"],"acf":[],"uagb_featured_image_src":{"full":false,"thumbnail":false,"medium":false,"medium_large":false,"large":false,"1536x1536":false,"2048x2048":false,"woocommerce_thumbnail":false,"woocommerce_single":false,"woocommerce_gallery_thumbnail":false},"uagb_author_info":{"display_name":"Adoptez une ordure","author_link":"https:\/\/vikingkubb.com\/de\/author\/ghanemi-enzohotmail-com\/"},"uagb_comment_info":0,"uagb_excerpt":"Rechtliche Hinweise Gem\u00e4\u00df den Bestimmungen des Gesetzes Nr. 2004-575 vom 21. Juni 2004 \u00fcber das Vertrauen in die digitale Wirtschaft wird den Nutzern der Website Viking kubb die Identit\u00e4t der verschiedenen Akteure im Rahmen der Erstellung und Betreuung der Website mitgeteilt. Artikel 1 &#8211; Herausgabe der Website Die vorliegende Website, die unter der URL https:\/\/vikingkubb.com...","_links":{"self":[{"href":"https:\/\/vikingkubb.com\/de\/wp-json\/wp\/v2\/pages\/8197","targetHints":{"allow":["GET"]}}],"collection":[{"href":"https:\/\/vikingkubb.com\/de\/wp-json\/wp\/v2\/pages"}],"about":[{"href":"https:\/\/vikingkubb.com\/de\/wp-json\/wp\/v2\/types\/page"}],"author":[{"embeddable":true,"href":"https:\/\/vikingkubb.com\/de\/wp-json\/wp\/v2\/users\/1"}],"replies":[{"embeddable":true,"href":"https:\/\/vikingkubb.com\/de\/wp-json\/wp\/v2\/comments?post=8197"}],"version-history":[{"count":1,"href":"https:\/\/vikingkubb.com\/de\/wp-json\/wp\/v2\/pages\/8197\/revisions"}],"predecessor-version":[{"id":8199,"href":"https:\/\/vikingkubb.com\/de\/wp-json\/wp\/v2\/pages\/8197\/revisions\/8199"}],"wp:attachment":[{"href":"https:\/\/vikingkubb.com\/de\/wp-json\/wp\/v2\/media?parent=8197"}],"curies":[{"name":"wp","href":"https:\/\/api.w.org\/{rel}","templated":true}]}}